{"id":36,"date":"2024-11-12T11:56:57","date_gmt":"2024-11-12T11:56:57","guid":{"rendered":"https:\/\/diversity-math.org\/?page_id=36"},"modified":"2024-12-04T10:11:06","modified_gmt":"2024-12-04T09:11:06","slug":"notices","status":"publish","type":"page","link":"https:\/\/diversity-math.org\/de\/notices\/","title":{"rendered":"Mitteilungen"},"content":{"rendered":"<div class=\"wp-block-group has-global-padding is-layout-constrained wp-block-group-is-layout-constrained\">\n<p>Hier finden Sie eine \u00dcbersicht \u00fcber unsere Aktivit\u00e4ten und Neuigkeiten sowie einige Stellenangebote.<\/p>\n<\/div>\n\n\n\n<div style=\"height:12px\" aria-hidden=\"true\" class=\"wp-block-spacer\"><\/div>\n\n\n\n<div class=\"wp-block-group has-global-padding is-layout-constrained wp-block-group-is-layout-constrained\">\n<h2 class=\"wp-block-heading\">Nachrichten<\/h2>\n\n\n<ul style=\"padding-top:var(--wp--preset--spacing--10);padding-bottom:var(--wp--preset--spacing--10);padding-left:var(--wp--preset--spacing--10);padding-right:var(--wp--preset--spacing--10);\" class=\"wp-block-latest-posts__list has-dates has-link-color wp-elements-b52d081f8320e6e47ede7e9fa63936bd wp-block-latest-posts has-text-color has-contrast-color\"><li><a class=\"wp-block-latest-posts__post-title\" href=\"https:\/\/diversity-math.org\/de\/renaming-of-the-dmv\/\">Umbenennung der DMV<\/a><time datetime=\"2024-05-05T01:55:00+02:00\" class=\"wp-block-latest-posts__post-date\">05\/05\/2024<\/time><div class=\"wp-block-latest-posts__post-excerpt\">Dear All, We are excited to inform you that the DMV is taking steps towards a gender-inclusive name. In the first issue of the &#8220;Mitteilungen Der DMV&#8221;\u2026\u00a0<a class=\"wp-block-latest-posts__read-more\" href=\"https:\/\/diversity-math.org\/de\/renaming-of-the-dmv\/\" rel=\"noopener noreferrer\"><span class=\"screen-reader-text\">Umbenennung der DMV <\/span>weiterlesen<\/a><\/div><\/li>\n<li><a class=\"wp-block-latest-posts__post-title\" href=\"https:\/\/diversity-math.org\/de\/updates-from-the-dmv-meeting\/\">Updates von der DMV-Tagung<\/a><time datetime=\"2023-11-21T21:59:00+01:00\" class=\"wp-block-latest-posts__post-date\">21\/11\/2023<\/time><div class=\"wp-block-latest-posts__post-excerpt\">das Mini-Symposium unserer Fachgruppe verlief gro\u00dfartig, es gab viele Interessierte, die tolle Ideen und Vorschl\u00e4ge einbrachten. Danke f\u00fcr euer Interesse und euren Beitrag!\u00a0<a class=\"wp-block-latest-posts__read-more\" href=\"https:\/\/diversity-math.org\/de\/updates-from-the-dmv-meeting\/\" rel=\"noopener noreferrer\"><span class=\"screen-reader-text\">Updates von der DMV-Tagung <\/span>weiterlesen<\/a><\/div><\/li>\n<li><a class=\"wp-block-latest-posts__post-title\" href=\"https:\/\/diversity-math.org\/de\/our-first-newsletter-is-out\/\">Unser erster Newsletter ist da!<\/a><time datetime=\"2023-09-01T20:10:00+02:00\" class=\"wp-block-latest-posts__post-date\">01\/09\/2023<\/time><div class=\"wp-block-latest-posts__post-excerpt\">Liebe Interessierte, mit diesem Newsletter wollen wir \u00fcber Interessantes im Zusammenhang zu Themen unserer Fachgruppe informieren. Seit dem Gr\u00fcndungstreffen im Juni hat sich viel getan; hier \u00fcber m\u00f6chten wir informieren, aber auch auf Zuk\u00fcnftiges hinweisen.\u00a0<a class=\"wp-block-latest-posts__read-more\" href=\"https:\/\/diversity-math.org\/de\/our-first-newsletter-is-out\/\" rel=\"noopener noreferrer\"><span class=\"screen-reader-text\">Unser erster Newsletter ist da! <\/span>weiterlesen<\/a><\/div><\/li>\n<\/ul><\/div>\n\n\n\n<div style=\"height:13px\" aria-hidden=\"true\" class=\"wp-block-spacer\"><\/div>\n\n\n\n<div class=\"wp-block-group has-global-padding is-layout-constrained wp-block-group-is-layout-constrained\">\n<h2 class=\"wp-block-heading\">Stellenangebote<\/h2>\n\n\n\n<ul class=\"wp-block-list is-style-default\">\n<li class=\" translation-block\"><a href=\"http:\/\/wiki.siam.org\/siag-ag\/index.php\/Jobs\" target=\"_self\">Siam Jobs<\/a> Website bietet eine Liste mit aktuellen Stellenangeboten.<\/li>\n\n\n\n<li class=\" translation-block\"><a href=\"https:\/\/adb.zuv.uni-heidelberg.de\/info\/INFO_FDB$.startup?MODUL=LS&amp;M1=1&amp;M2=0&amp;M3=0&amp;PRO=36143\" target=\"_blank\" rel=\"noreferrer noopener\">Juniorprofessur (W1)<\/a>  f\u00fcr \u201eReine Mathematik\u201c an der Universit\u00e4t Heidelberg.<\/li>\n\n\n\n<li class=\" translation-block\">Der IMU-Ausschuss f\u00fcr Frauen in der Mathematik (CWM) bittet um die Einreichung von Vorschl\u00e4gen f\u00fcr eine Finanzierung von bis zu 3000 \u20ac f\u00fcr Aktivit\u00e4ten oder Initiativen zur F\u00f6rderung von Frauen in der Mathematik, die von M\u00e4rz 2025 bis Februar 2026 stattfinden. Die Antr\u00e4ge sollten bis zum 13. Dezember 2024 (bis 23:59 Uhr MEZ) \u00fcber die <a href=\"https:\/\/grants.mathunion.org\/\" target=\"_self\">Homepage <\/a> von IMU Grants eingereicht werden.<\/li>\n<\/ul>\n\n\n\n<h4 class=\"wp-block-heading\"><strong>Fr\u00fchere Aufrufe<\/strong><\/h4>\n\n\n\n<ul class=\"wp-block-list\">\n<li><a href=\"https:\/\/www.math.ovgu.de\/Christine_Bessenrodt_Stipendium.html\" target=\"_blank\" rel=\"noreferrer noopener\">Christine-Bessenrodt-Stipendium<\/a><\/li>\n<\/ul>\n<\/div>\n\n\n\n<div style=\"height:12px\" aria-hidden=\"true\" class=\"wp-block-spacer\"><\/div>\n\n\n\n<h2 class=\"wp-block-heading\">Unsere Sitzungen<\/h2>\n\n\n\n<ul class=\"wp-block-list\">\n<li>Meeting on 11.11.2024 &#8211; <a href=\"https:\/\/diversity-math.org\/wp-content\/uploads\/2024\/12\/Protokoll24Nov11.pdf\">Protokoll<\/a><\/li>\n\n\n\n<li>Meeting on 23.07.2023 &#8211; <a href=\"https:\/\/diversity-math.org\/wp-content\/uploads\/2024\/11\/protokoll.pdf\" target=\"_blank\" rel=\"noreferrer noopener\">Protokoll<\/a><\/li>\n<\/ul>\n\n\n\n<div style=\"height:22px\" aria-hidden=\"true\" class=\"wp-block-spacer\"><\/div>","protected":false},"excerpt":{"rendered":"<p>Here we list our recent activities, news as well as some job vacancies. News Job Vacancies Past Announcements Our Meetings<\/p>","protected":false},"author":1,"featured_media":0,"parent":0,"menu_order":0,"comment_status":"closed","ping_status":"closed","template":"","meta":{"footnotes":""},"class_list":["post-36","page","type-page","status-publish","hentry"],"yoast_head":"<!-- This site is optimized with the Yoast SEO plugin v27.4 - https:\/\/yoast.com\/product\/yoast-seo-wordpress\/ -->\n<title>Notices - \u00a9diversity-math.org<\/title>\n<meta name=\"robots\" content=\"index, follow, max-snippet:-1, max-image-preview:large, max-video-preview:-1\" \/>\n<link rel=\"canonical\" href=\"https:\/\/diversity-math.org\/de\/notices\/\" \/>\n<meta property=\"og:locale\" content=\"de_DE\" \/>\n<meta property=\"og:type\" content=\"article\" \/>\n<meta property=\"og:title\" content=\"Notices - \u00a9diversity-math.org\" \/>\n<meta property=\"og:description\" content=\"Here we list our recent activities, news as well as some job vacancies. News Job Vacancies Past Announcements Our Meetings\" \/>\n<meta property=\"og:url\" content=\"https:\/\/diversity-math.org\/de\/notices\/\" \/>\n<meta property=\"og:site_name\" content=\"\u00a9diversity-math.org\" \/>\n<meta property=\"article:modified_time\" content=\"2024-12-04T09:11:06+00:00\" \/>\n<meta name=\"twitter:card\" content=\"summary_large_image\" \/>\n<meta name=\"twitter:label1\" content=\"Gesch\u00e4tzte Lesezeit\" \/>\n\t<meta name=\"twitter:data1\" content=\"1\u00a0Minute\" \/>\n<script type=\"application\/ld+json\" class=\"yoast-schema-graph\">{\"@context\":\"https:\\\/\\\/schema.org\",\"@graph\":[{\"@type\":\"WebPage\",\"@id\":\"https:\\\/\\\/diversity-math.org\\\/notices\\\/\",\"url\":\"https:\\\/\\\/diversity-math.org\\\/notices\\\/\",\"name\":\"Notices - \u00a9diversity-math.org\",\"isPartOf\":{\"@id\":\"https:\\\/\\\/diversity-math.org\\\/#website\"},\"datePublished\":\"2024-11-12T11:56:57+00:00\",\"dateModified\":\"2024-12-04T09:11:06+00:00\",\"breadcrumb\":{\"@id\":\"https:\\\/\\\/diversity-math.org\\\/notices\\\/#breadcrumb\"},\"inLanguage\":\"de\",\"potentialAction\":[{\"@type\":\"ReadAction\",\"target\":[\"https:\\\/\\\/diversity-math.org\\\/notices\\\/\"]}]},{\"@type\":\"BreadcrumbList\",\"@id\":\"https:\\\/\\\/diversity-math.org\\\/notices\\\/#breadcrumb\",\"itemListElement\":[{\"@type\":\"ListItem\",\"position\":1,\"name\":\"Home\",\"item\":\"https:\\\/\\\/diversity-math.org\\\/\"},{\"@type\":\"ListItem\",\"position\":2,\"name\":\"Notices\"}]},{\"@type\":\"WebSite\",\"@id\":\"https:\\\/\\\/diversity-math.org\\\/#website\",\"url\":\"https:\\\/\\\/diversity-math.org\\\/\",\"name\":\"\u00a9diversity-math.org\",\"description\":\"\",\"publisher\":{\"@id\":\"https:\\\/\\\/diversity-math.org\\\/#organization\"},\"potentialAction\":[{\"@type\":\"SearchAction\",\"target\":{\"@type\":\"EntryPoint\",\"urlTemplate\":\"https:\\\/\\\/diversity-math.org\\\/?s={search_term_string}\"},\"query-input\":{\"@type\":\"PropertyValueSpecification\",\"valueRequired\":true,\"valueName\":\"search_term_string\"}}],\"inLanguage\":\"de\"},{\"@type\":\"Organization\",\"@id\":\"https:\\\/\\\/diversity-math.org\\\/#organization\",\"name\":\"\u00a9diversity-math.org\",\"url\":\"https:\\\/\\\/diversity-math.org\\\/\",\"logo\":{\"@type\":\"ImageObject\",\"inLanguage\":\"de\",\"@id\":\"https:\\\/\\\/diversity-math.org\\\/#\\\/schema\\\/logo\\\/image\\\/\",\"url\":\"https:\\\/\\\/diversity-math.org\\\/wp-content\\\/uploads\\\/2024\\\/11\\\/diversity-math_v2_.png\",\"contentUrl\":\"https:\\\/\\\/diversity-math.org\\\/wp-content\\\/uploads\\\/2024\\\/11\\\/diversity-math_v2_.png\",\"width\":745,\"height\":1053,\"caption\":\"\u00a9diversity-math.org\"},\"image\":{\"@id\":\"https:\\\/\\\/diversity-math.org\\\/#\\\/schema\\\/logo\\\/image\\\/\"}}]}<\/script>\n<!-- \/ Yoast SEO plugin. -->","yoast_head_json":{"title":"Notices - \u00a9diversity-math.org","robots":{"index":"index","follow":"follow","max-snippet":"max-snippet:-1","max-image-preview":"max-image-preview:large","max-video-preview":"max-video-preview:-1"},"canonical":"https:\/\/diversity-math.org\/de\/notices\/","og_locale":"de_DE","og_type":"article","og_title":"Notices - \u00a9diversity-math.org","og_description":"Here we list our recent activities, news as well as some job vacancies. News Job Vacancies Past Announcements Our Meetings","og_url":"https:\/\/diversity-math.org\/de\/notices\/","og_site_name":"\u00a9diversity-math.org","article_modified_time":"2024-12-04T09:11:06+00:00","twitter_card":"summary_large_image","twitter_misc":{"Gesch\u00e4tzte Lesezeit":"1\u00a0Minute"},"schema":{"@context":"https:\/\/schema.org","@graph":[{"@type":"WebPage","@id":"https:\/\/diversity-math.org\/notices\/","url":"https:\/\/diversity-math.org\/notices\/","name":"Notices - \u00a9diversity-math.org","isPartOf":{"@id":"https:\/\/diversity-math.org\/#website"},"datePublished":"2024-11-12T11:56:57+00:00","dateModified":"2024-12-04T09:11:06+00:00","breadcrumb":{"@id":"https:\/\/diversity-math.org\/notices\/#breadcrumb"},"inLanguage":"de","potentialAction":[{"@type":"ReadAction","target":["https:\/\/diversity-math.org\/notices\/"]}]},{"@type":"BreadcrumbList","@id":"https:\/\/diversity-math.org\/notices\/#breadcrumb","itemListElement":[{"@type":"ListItem","position":1,"name":"Home","item":"https:\/\/diversity-math.org\/"},{"@type":"ListItem","position":2,"name":"Notices"}]},{"@type":"WebSite","@id":"https:\/\/diversity-math.org\/#website","url":"https:\/\/diversity-math.org\/","name":"\u00a9diversity-math.org","description":"","publisher":{"@id":"https:\/\/diversity-math.org\/#organization"},"potentialAction":[{"@type":"SearchAction","target":{"@type":"EntryPoint","urlTemplate":"https:\/\/diversity-math.org\/?s={search_term_string}"},"query-input":{"@type":"PropertyValueSpecification","valueRequired":true,"valueName":"search_term_string"}}],"inLanguage":"de"},{"@type":"Organization","@id":"https:\/\/diversity-math.org\/#organization","name":"\u00a9diversity-math.org","url":"https:\/\/diversity-math.org\/","logo":{"@type":"ImageObject","inLanguage":"de","@id":"https:\/\/diversity-math.org\/#\/schema\/logo\/image\/","url":"https:\/\/diversity-math.org\/wp-content\/uploads\/2024\/11\/diversity-math_v2_.png","contentUrl":"https:\/\/diversity-math.org\/wp-content\/uploads\/2024\/11\/diversity-math_v2_.png","width":745,"height":1053,"caption":"\u00a9diversity-math.org"},"image":{"@id":"https:\/\/diversity-math.org\/#\/schema\/logo\/image\/"}}]}},"_links":{"self":[{"href":"https:\/\/diversity-math.org\/de\/wp-json\/wp\/v2\/pages\/36","targetHints":{"allow":["GET"]}}],"collection":[{"href":"https:\/\/diversity-math.org\/de\/wp-json\/wp\/v2\/pages"}],"about":[{"href":"https:\/\/diversity-math.org\/de\/wp-json\/wp\/v2\/types\/page"}],"author":[{"embeddable":true,"href":"https:\/\/diversity-math.org\/de\/wp-json\/wp\/v2\/users\/1"}],"replies":[{"embeddable":true,"href":"https:\/\/diversity-math.org\/de\/wp-json\/wp\/v2\/comments?post=36"}],"version-history":[{"count":13,"href":"https:\/\/diversity-math.org\/de\/wp-json\/wp\/v2\/pages\/36\/revisions"}],"predecessor-version":[{"id":449,"href":"https:\/\/diversity-math.org\/de\/wp-json\/wp\/v2\/pages\/36\/revisions\/449"}],"wp:attachment":[{"href":"https:\/\/diversity-math.org\/de\/wp-json\/wp\/v2\/media?parent=36"}],"curies":[{"name":"wp","href":"https:\/\/api.w.org\/{rel}","templated":true}]}}